{"id":1714,"date":"2021-09-13T15:04:09","date_gmt":"2021-09-13T21:04:09","guid":{"rendered":"https:\/\/escuelamilitar.mil.sv\/?page_id=1714"},"modified":"2023-02-22T09:37:00","modified_gmt":"2023-02-22T15:37:00","slug":"directorio","status":"publish","type":"page","link":"https:\/\/escuelamilitar.mil.sv\/?page_id=1714","title":{"rendered":"Directorio"},"content":{"rendered":"\n<p><strong>Ministerio de la Defensa Nacional<\/strong><\/p>\n\n\n\n<p>Vicealmirante&nbsp;Ren\u00e9 Francis Merino Monroy<br>Ministro de la Defensa Nacional<br>Km 5 1\/2 Carretera a Santa Tecla<br>Tel. (503) 2250-0100<br>oir@mdn.mil.sv<\/p>\n\n\n\n<p>Coronel y Licenciado&nbsp;Ennio Elvidio Rivera Aguilar<br>Viceministro de la Defensa Nacional<br>Km 5 1\/2 Carretera a Santa Tecla<br>Tel. (503) 2250-0100<br>oir@mdn.mil.sv<\/p>\n\n\n\n<p><strong>Estado Mayor Conjunto de la Fuerza Armada<\/strong><\/p>\n\n\n\n<p>Vicealmirante Exon Oswaldo Ascencio Albe\u00f1o<br>Jefe del Estado Mayor Conjunto de la F. A.<br>Km 5 1\/2 Carretera a Santa Tecla<br>Tel. (503) 2250-0000<br>oir@mdn.mil.sv<\/p>\n\n\n\n<p>General de Brigada Jos\u00e9 Mario Blanco Hern\u00e1ndez<br>Subjefe del Estado Mayor Conjunto de la F. A.<br>Km 5 1\/2 Carretera a Santa Tecla<br>Tel. (503) 2250-0000<br>oir@mdn.mil.sv<\/p>\n\n\n\n<p><strong>Director de Comunicaciones y Protocolo<\/strong><\/p>\n\n\n\n<p>Cnel. P.A. DEM Dar\u00edo Salvador Hern\u00e1ndez Vega<br>Km 5 1\/2 Carretera a Santa Tecla<br>Tel. (503) 2250-0100<br>oir@mdn.mil.sv<\/p>\n\n\n\n<p><strong>Escuela Militar Capit\u00e1n General Gerardo Barrios<\/strong><\/p>\n\n\n\n<p>Coronel Cab. DEM&nbsp;Carlos Alberto Rodr\u00edguez G\u00f3mez<br>Director de la Escuela Militar Capit\u00e1n General Gerardo Barrios<br>Km. 5 1\/2 carretera a Santa Tecla<br>Tel. (503) 2250-0005<br>emcggb@escuelamilitar.mil.sv<\/p>\n\n\n\n<figure><iframe src=\"https:\/\/www.google.com\/maps\/embed?pb=!1m18!1m12!1m3!1d3876.4693192751333!2d-89.23424464899317!3d13.690001402362347!2m3!1f0!2f0!3f0!3m2!1i1024!2i768!4f13.1!3m3!1m2!1s0x8f6331c90ce933fb%3A0xf5341e1af19cb675!2sCODEM!5e0!3m2!1ses-419!2ssv!4v1660341818001!5m2!1ses-419!2ssv\" width=\"600\" height=\"450\" style=\"border:0;\" allowfullscreen=\"\" loading=\"lazy\" referrerpolicy=\"no-referrer-when-downgrade\"><\/iframe><\/figure>\n","protected":false},"excerpt":{"rendered":"<div class=\"parrafos-blancos-letranegra\"><p>Ministerio de la Defensa Nacional Vicealmirante&nbsp;Ren\u00e9 Francis Merino MonroyMinistro de la Defensa NacionalKm 5 1\/2 Carretera a Santa TeclaTel. (503) 2250-0100oir@mdn.mil.sv Coronel y Licenciado&nbsp;Ennio Elvidio Rivera AguilarViceministro de la Defensa [&hellip;]<\/p>\n<\/div>","protected":false},"author":3,"featured_media":0,"parent":0,"menu_order":0,"comment_status":"closed","ping_status":"closed","template":"","meta":{"footnotes":""},"class_list":["post-1714","page","type-page","status-publish","hentry"],"yoast_head":"<!-- This site is optimized with the Yoast SEO plugin v23.6 - https:\/\/yoast.com\/wordpress\/plugins\/seo\/ -->\n<title>Directorio - Escuela Militar Capit\u00e1n General Gerardo Barrios<\/title>\n<meta name=\"robots\" content=\"index, follow, max-snippet:-1, max-image-preview:large, max-video-preview:-1\" \/>\n<link rel=\"canonical\" href=\"https:\/\/escuelamilitar.mil.sv\/?page_id=1714\" \/>\n<meta property=\"og:locale\" content=\"es_ES\" \/>\n<meta property=\"og:type\" content=\"article\" \/>\n<meta property=\"og:title\" content=\"Directorio - Escuela Militar Capit\u00e1n General Gerardo Barrios\" \/>\n<meta property=\"og:description\" content=\"Ministerio de la Defensa Nacional Vicealmirante&nbsp;Ren\u00e9 Francis Merino MonroyMinistro de la Defensa NacionalKm 5 1\/2 Carretera a Santa TeclaTel. (503) 2250-0100oir@mdn.mil.sv Coronel y Licenciado&nbsp;Ennio Elvidio Rivera AguilarViceministro de la Defensa [&hellip;]\" \/>\n<meta property=\"og:url\" content=\"https:\/\/escuelamilitar.mil.sv\/?page_id=1714\" \/>\n<meta property=\"og:site_name\" content=\"Escuela Militar Capit\u00e1n General Gerardo Barrios\" \/>\n<meta property=\"article:modified_time\" content=\"2023-02-22T15:37:00+00:00\" \/>\n<meta name=\"twitter:card\" content=\"summary_large_image\" \/>\n<meta name=\"twitter:label1\" content=\"Tiempo de lectura\" \/>\n\t<meta name=\"twitter:data1\" content=\"1 minuto\" \/>\n<script type=\"application\/ld+json\" class=\"yoast-schema-graph\">{\"@context\":\"https:\/\/schema.org\",\"@graph\":[{\"@type\":\"WebPage\",\"@id\":\"https:\/\/escuelamilitar.mil.sv\/?page_id=1714\",\"url\":\"https:\/\/escuelamilitar.mil.sv\/?page_id=1714\",\"name\":\"Directorio - Escuela Militar Capit\u00e1n General Gerardo Barrios\",\"isPartOf\":{\"@id\":\"https:\/\/escuelamilitar.mil.sv\/#website\"},\"datePublished\":\"2021-09-13T21:04:09+00:00\",\"dateModified\":\"2023-02-22T15:37:00+00:00\",\"breadcrumb\":{\"@id\":\"https:\/\/escuelamilitar.mil.sv\/?page_id=1714#breadcrumb\"},\"inLanguage\":\"es\",\"potentialAction\":[{\"@type\":\"ReadAction\",\"target\":[\"https:\/\/escuelamilitar.mil.sv\/?page_id=1714\"]}]},{\"@type\":\"BreadcrumbList\",\"@id\":\"https:\/\/escuelamilitar.mil.sv\/?page_id=1714#breadcrumb\",\"itemListElement\":[{\"@type\":\"ListItem\",\"position\":1,\"name\":\"Inicio\",\"item\":\"https:\/\/escuelamilitar.mil.sv\/\"},{\"@type\":\"ListItem\",\"position\":2,\"name\":\"Directorio\"}]},{\"@type\":\"WebSite\",\"@id\":\"https:\/\/escuelamilitar.mil.sv\/#website\",\"url\":\"https:\/\/escuelamilitar.mil.sv\/\",\"name\":\"Escuela Militar Capit\u00e1n General Gerardo Barrios\",\"description\":\"Escuela Militar\",\"potentialAction\":[{\"@type\":\"SearchAction\",\"target\":{\"@type\":\"EntryPoint\",\"urlTemplate\":\"https:\/\/escuelamilitar.mil.sv\/?s={search_term_string}\"},\"query-input\":{\"@type\":\"PropertyValueSpecification\",\"valueRequired\":true,\"valueName\":\"search_term_string\"}}],\"inLanguage\":\"es\"}]}<\/script>\n<!-- \/ Yoast SEO plugin. -->","yoast_head_json":{"title":"Directorio - Escuela Militar Capit\u00e1n General Gerardo Barrios","robots":{"index":"index","follow":"follow","max-snippet":"max-snippet:-1","max-image-preview":"max-image-preview:large","max-video-preview":"max-video-preview:-1"},"canonical":"https:\/\/escuelamilitar.mil.sv\/?page_id=1714","og_locale":"es_ES","og_type":"article","og_title":"Directorio - Escuela Militar Capit\u00e1n General Gerardo Barrios","og_description":"Ministerio de la Defensa Nacional Vicealmirante&nbsp;Ren\u00e9 Francis Merino MonroyMinistro de la Defensa NacionalKm 5 1\/2 Carretera a Santa TeclaTel. (503) 2250-0100oir@mdn.mil.sv Coronel y Licenciado&nbsp;Ennio Elvidio Rivera AguilarViceministro de la Defensa [&hellip;]","og_url":"https:\/\/escuelamilitar.mil.sv\/?page_id=1714","og_site_name":"Escuela Militar Capit\u00e1n General Gerardo Barrios","article_modified_time":"2023-02-22T15:37:00+00:00","twitter_card":"summary_large_image","twitter_misc":{"Tiempo de lectura":"1 minuto"},"schema":{"@context":"https:\/\/schema.org","@graph":[{"@type":"WebPage","@id":"https:\/\/escuelamilitar.mil.sv\/?page_id=1714","url":"https:\/\/escuelamilitar.mil.sv\/?page_id=1714","name":"Directorio - Escuela Militar Capit\u00e1n General Gerardo Barrios","isPartOf":{"@id":"https:\/\/escuelamilitar.mil.sv\/#website"},"datePublished":"2021-09-13T21:04:09+00:00","dateModified":"2023-02-22T15:37:00+00:00","breadcrumb":{"@id":"https:\/\/escuelamilitar.mil.sv\/?page_id=1714#breadcrumb"},"inLanguage":"es","potentialAction":[{"@type":"ReadAction","target":["https:\/\/escuelamilitar.mil.sv\/?page_id=1714"]}]},{"@type":"BreadcrumbList","@id":"https:\/\/escuelamilitar.mil.sv\/?page_id=1714#breadcrumb","itemListElement":[{"@type":"ListItem","position":1,"name":"Inicio","item":"https:\/\/escuelamilitar.mil.sv\/"},{"@type":"ListItem","position":2,"name":"Directorio"}]},{"@type":"WebSite","@id":"https:\/\/escuelamilitar.mil.sv\/#website","url":"https:\/\/escuelamilitar.mil.sv\/","name":"Escuela Militar Capit\u00e1n General Gerardo Barrios","description":"Escuela Militar","potentialAction":[{"@type":"SearchAction","target":{"@type":"EntryPoint","urlTemplate":"https:\/\/escuelamilitar.mil.sv\/?s={search_term_string}"},"query-input":{"@type":"PropertyValueSpecification","valueRequired":true,"valueName":"search_term_string"}}],"inLanguage":"es"}]}},"_links":{"self":[{"href":"https:\/\/escuelamilitar.mil.sv\/index.php?rest_route=\/wp\/v2\/pages\/1714"}],"collection":[{"href":"https:\/\/escuelamilitar.mil.sv\/index.php?rest_route=\/wp\/v2\/pages"}],"about":[{"href":"https:\/\/escuelamilitar.mil.sv\/index.php?rest_route=\/wp\/v2\/types\/page"}],"author":[{"embeddable":true,"href":"https:\/\/escuelamilitar.mil.sv\/index.php?rest_route=\/wp\/v2\/users\/3"}],"replies":[{"embeddable":true,"href":"https:\/\/escuelamilitar.mil.sv\/index.php?rest_route=%2Fwp%2Fv2%2Fcomments&post=1714"}],"version-history":[{"count":8,"href":"https:\/\/escuelamilitar.mil.sv\/index.php?rest_route=\/wp\/v2\/pages\/1714\/revisions"}],"predecessor-version":[{"id":1832,"href":"https:\/\/escuelamilitar.mil.sv\/index.php?rest_route=\/wp\/v2\/pages\/1714\/revisions\/1832"}],"wp:attachment":[{"href":"https:\/\/escuelamilitar.mil.sv\/index.php?rest_route=%2Fwp%2Fv2%2Fmedia&parent=1714"}],"curies":[{"name":"wp","href":"https:\/\/api.w.org\/{rel}","templated":true}]}}