{"id":198,"date":"2020-06-06T18:38:28","date_gmt":"2020-06-06T18:38:28","guid":{"rendered":"https:\/\/escuelamilitar.mil.sv\/?page_id=198"},"modified":"2025-07-16T08:31:26","modified_gmt":"2025-07-16T14:31:26","slug":"preguntas-frecuentes","status":"publish","type":"page","link":"https:\/\/escuelamilitar.mil.sv\/?page_id=198","title":{"rendered":"Preguntas Frecuentes"},"content":{"rendered":"\n<h2 class=\"wp-block-heading\">\u00bfCu\u00e1ndo inicia el proceso de ingreso?<\/h2>\n\n\n\n<p>A partir del mes de julio.<\/p>\n\n\n\n<h2 class=\"wp-block-heading\">\u00bfCu\u00e1l es la edad para ingresar?<\/h2>\n\n\n\n<p>Edad es entre 17 &#8211; 22 a\u00f1os.<\/p>\n\n\n\n<h2 class=\"wp-block-heading\">\u00bfCu\u00e1nto cuesta la mensualidad?<\/h2>\n\n\n\n<p>Es beca completa, no se cancela nada.<br>NOTA: Solo se cancelan ex\u00e1menes m\u00e9dicos y prendas a inicio de la carrera.<\/p>\n\n\n\n<h2 class=\"wp-block-heading\">\u00bfAceptan se\u00f1oritas?<\/h2>\n\n\n\n<p>Si, cumpliendo los mismos requisitos que los caballeros aspirantes y otros ex\u00e1menes m\u00e9dicos adicionales.<\/p>\n\n\n\n<h2 class=\"wp-block-heading\">\u00bfQu\u00e9 grado obtengo?<\/h2>\n\n\n\n<p>Subteniente de la Fuerza Armada, posteriormente la Licenciatura en Administraci\u00f3n Militar.<\/p>\n\n\n\n<h2 class=\"wp-block-heading\">\u00bfCu\u00e1les opciones tiene la EMCGGB?<\/h2>\n\n\n\n<p>Pertenecer al Ej\u00e9rcito, Fuerza A\u00e9rea y Fuerza Naval.<\/p>\n\n\n\n<h2 class=\"wp-block-heading\">\u00bfEn qu\u00e9 me especializo?<\/h2>\n\n\n\n<p>Como Oficial de Infanter\u00eda, Transmisiones, Ingenier\u00eda Militar, Caballer\u00eda y Artiller\u00eda.<\/p>\n\n\n\n<h2 class=\"wp-block-heading\">\u00bfEn qu\u00e9 lugar adquiero el prospecto de ingreso?<\/h2>\n\n\n\n<p>En las instalaciones del IENS EMCGGB, y en las diferentes Unidades Militares, en todo el pa\u00eds.<\/p>\n\n\n\n<h2 class=\"wp-block-heading\">\u00bfNecesito tener un familiar militar para poder ingresar?<\/h2>\n\n\n\n<p>No, el proceso de admisi\u00f3n est\u00e1 abierto a todos los j\u00f3venes que deseen ingresar.<\/p>\n","protected":false},"excerpt":{"rendered":"<div class=\"parrafos-blancos-letranegra\"><p>\u00bfCu\u00e1ndo inicia el proceso de ingreso? A partir del mes de julio. \u00bfCu\u00e1l es la edad para ingresar? Edad es entre 17 &#8211; 22 a\u00f1os. \u00bfCu\u00e1nto cuesta la mensualidad? Es [&hellip;]<\/p>\n<\/div>","protected":false},"author":2,"featured_media":1770,"parent":0,"menu_order":0,"comment_status":"closed","ping_status":"closed","template":"","meta":{"footnotes":""},"class_list":["post-198","page","type-page","status-publish","has-post-thumbnail","hentry"],"yoast_head":"<!-- This site is optimized with the Yoast SEO plugin v23.6 - https:\/\/yoast.com\/wordpress\/plugins\/seo\/ -->\n<title>Preguntas Frecuentes - Escuela Militar Capit\u00e1n General Gerardo Barrios<\/title>\n<meta name=\"robots\" content=\"index, follow, max-snippet:-1, max-image-preview:large, max-video-preview:-1\" \/>\n<link rel=\"canonical\" href=\"https:\/\/escuelamilitar.mil.sv\/?page_id=198\" \/>\n<meta property=\"og:locale\" content=\"es_ES\" \/>\n<meta property=\"og:type\" content=\"article\" \/>\n<meta property=\"og:title\" content=\"Preguntas Frecuentes - Escuela Militar Capit\u00e1n General Gerardo Barrios\" \/>\n<meta property=\"og:description\" content=\"\u00bfCu\u00e1ndo inicia el proceso de ingreso? A partir del mes de julio. \u00bfCu\u00e1l es la edad para ingresar? Edad es entre 17 &#8211; 22 a\u00f1os. \u00bfCu\u00e1nto cuesta la mensualidad? Es [&hellip;]\" \/>\n<meta property=\"og:url\" content=\"https:\/\/escuelamilitar.mil.sv\/?page_id=198\" \/>\n<meta property=\"og:site_name\" content=\"Escuela Militar Capit\u00e1n General Gerardo Barrios\" \/>\n<meta property=\"article:modified_time\" content=\"2025-07-16T14:31:26+00:00\" \/>\n<meta property=\"og:image\" content=\"https:\/\/escuelamilitar.mil.sv\/wp-content\/uploads\/2022\/08\/EMCGGB-1.jpeg\" \/>\n\t<meta property=\"og:image:width\" content=\"1024\" \/>\n\t<meta property=\"og:image:height\" content=\"229\" \/>\n\t<meta property=\"og:image:type\" content=\"image\/jpeg\" \/>\n<meta name=\"twitter:card\" content=\"summary_large_image\" \/>\n<meta name=\"twitter:label1\" content=\"Tiempo de lectura\" \/>\n\t<meta name=\"twitter:data1\" content=\"1 minuto\" \/>\n<script type=\"application\/ld+json\" class=\"yoast-schema-graph\">{\"@context\":\"https:\/\/schema.org\",\"@graph\":[{\"@type\":\"WebPage\",\"@id\":\"https:\/\/escuelamilitar.mil.sv\/?page_id=198\",\"url\":\"https:\/\/escuelamilitar.mil.sv\/?page_id=198\",\"name\":\"Preguntas Frecuentes - Escuela Militar Capit\u00e1n General Gerardo Barrios\",\"isPartOf\":{\"@id\":\"https:\/\/escuelamilitar.mil.sv\/#website\"},\"primaryImageOfPage\":{\"@id\":\"https:\/\/escuelamilitar.mil.sv\/?page_id=198#primaryimage\"},\"image\":{\"@id\":\"https:\/\/escuelamilitar.mil.sv\/?page_id=198#primaryimage\"},\"thumbnailUrl\":\"https:\/\/escuelamilitar.mil.sv\/wp-content\/uploads\/2022\/08\/EMCGGB-1.jpeg\",\"datePublished\":\"2020-06-06T18:38:28+00:00\",\"dateModified\":\"2025-07-16T14:31:26+00:00\",\"breadcrumb\":{\"@id\":\"https:\/\/escuelamilitar.mil.sv\/?page_id=198#breadcrumb\"},\"inLanguage\":\"es\",\"potentialAction\":[{\"@type\":\"ReadAction\",\"target\":[\"https:\/\/escuelamilitar.mil.sv\/?page_id=198\"]}]},{\"@type\":\"ImageObject\",\"inLanguage\":\"es\",\"@id\":\"https:\/\/escuelamilitar.mil.sv\/?page_id=198#primaryimage\",\"url\":\"https:\/\/escuelamilitar.mil.sv\/wp-content\/uploads\/2022\/08\/EMCGGB-1.jpeg\",\"contentUrl\":\"https:\/\/escuelamilitar.mil.sv\/wp-content\/uploads\/2022\/08\/EMCGGB-1.jpeg\",\"width\":1024,\"height\":229},{\"@type\":\"BreadcrumbList\",\"@id\":\"https:\/\/escuelamilitar.mil.sv\/?page_id=198#breadcrumb\",\"itemListElement\":[{\"@type\":\"ListItem\",\"position\":1,\"name\":\"Inicio\",\"item\":\"https:\/\/escuelamilitar.mil.sv\/\"},{\"@type\":\"ListItem\",\"position\":2,\"name\":\"Preguntas Frecuentes\"}]},{\"@type\":\"WebSite\",\"@id\":\"https:\/\/escuelamilitar.mil.sv\/#website\",\"url\":\"https:\/\/escuelamilitar.mil.sv\/\",\"name\":\"Escuela Militar Capit\u00e1n General Gerardo Barrios\",\"description\":\"Escuela Militar\",\"potentialAction\":[{\"@type\":\"SearchAction\",\"target\":{\"@type\":\"EntryPoint\",\"urlTemplate\":\"https:\/\/escuelamilitar.mil.sv\/?s={search_term_string}\"},\"query-input\":{\"@type\":\"PropertyValueSpecification\",\"valueRequired\":true,\"valueName\":\"search_term_string\"}}],\"inLanguage\":\"es\"}]}<\/script>\n<!-- \/ Yoast SEO plugin. -->","yoast_head_json":{"title":"Preguntas Frecuentes - Escuela Militar Capit\u00e1n General Gerardo Barrios","robots":{"index":"index","follow":"follow","max-snippet":"max-snippet:-1","max-image-preview":"max-image-preview:large","max-video-preview":"max-video-preview:-1"},"canonical":"https:\/\/escuelamilitar.mil.sv\/?page_id=198","og_locale":"es_ES","og_type":"article","og_title":"Preguntas Frecuentes - Escuela Militar Capit\u00e1n General Gerardo Barrios","og_description":"\u00bfCu\u00e1ndo inicia el proceso de ingreso? A partir del mes de julio. \u00bfCu\u00e1l es la edad para ingresar? Edad es entre 17 &#8211; 22 a\u00f1os. \u00bfCu\u00e1nto cuesta la mensualidad? Es [&hellip;]","og_url":"https:\/\/escuelamilitar.mil.sv\/?page_id=198","og_site_name":"Escuela Militar Capit\u00e1n General Gerardo Barrios","article_modified_time":"2025-07-16T14:31:26+00:00","og_image":[{"width":1024,"height":229,"url":"https:\/\/escuelamilitar.mil.sv\/wp-content\/uploads\/2022\/08\/EMCGGB-1.jpeg","type":"image\/jpeg"}],"twitter_card":"summary_large_image","twitter_misc":{"Tiempo de lectura":"1 minuto"},"schema":{"@context":"https:\/\/schema.org","@graph":[{"@type":"WebPage","@id":"https:\/\/escuelamilitar.mil.sv\/?page_id=198","url":"https:\/\/escuelamilitar.mil.sv\/?page_id=198","name":"Preguntas Frecuentes - Escuela Militar Capit\u00e1n General Gerardo Barrios","isPartOf":{"@id":"https:\/\/escuelamilitar.mil.sv\/#website"},"primaryImageOfPage":{"@id":"https:\/\/escuelamilitar.mil.sv\/?page_id=198#primaryimage"},"image":{"@id":"https:\/\/escuelamilitar.mil.sv\/?page_id=198#primaryimage"},"thumbnailUrl":"https:\/\/escuelamilitar.mil.sv\/wp-content\/uploads\/2022\/08\/EMCGGB-1.jpeg","datePublished":"2020-06-06T18:38:28+00:00","dateModified":"2025-07-16T14:31:26+00:00","breadcrumb":{"@id":"https:\/\/escuelamilitar.mil.sv\/?page_id=198#breadcrumb"},"inLanguage":"es","potentialAction":[{"@type":"ReadAction","target":["https:\/\/escuelamilitar.mil.sv\/?page_id=198"]}]},{"@type":"ImageObject","inLanguage":"es","@id":"https:\/\/escuelamilitar.mil.sv\/?page_id=198#primaryimage","url":"https:\/\/escuelamilitar.mil.sv\/wp-content\/uploads\/2022\/08\/EMCGGB-1.jpeg","contentUrl":"https:\/\/escuelamilitar.mil.sv\/wp-content\/uploads\/2022\/08\/EMCGGB-1.jpeg","width":1024,"height":229},{"@type":"BreadcrumbList","@id":"https:\/\/escuelamilitar.mil.sv\/?page_id=198#breadcrumb","itemListElement":[{"@type":"ListItem","position":1,"name":"Inicio","item":"https:\/\/escuelamilitar.mil.sv\/"},{"@type":"ListItem","position":2,"name":"Preguntas Frecuentes"}]},{"@type":"WebSite","@id":"https:\/\/escuelamilitar.mil.sv\/#website","url":"https:\/\/escuelamilitar.mil.sv\/","name":"Escuela Militar Capit\u00e1n General Gerardo Barrios","description":"Escuela Militar","potentialAction":[{"@type":"SearchAction","target":{"@type":"EntryPoint","urlTemplate":"https:\/\/escuelamilitar.mil.sv\/?s={search_term_string}"},"query-input":{"@type":"PropertyValueSpecification","valueRequired":true,"valueName":"search_term_string"}}],"inLanguage":"es"}]}},"_links":{"self":[{"href":"https:\/\/escuelamilitar.mil.sv\/index.php?rest_route=\/wp\/v2\/pages\/198"}],"collection":[{"href":"https:\/\/escuelamilitar.mil.sv\/index.php?rest_route=\/wp\/v2\/pages"}],"about":[{"href":"https:\/\/escuelamilitar.mil.sv\/index.php?rest_route=\/wp\/v2\/types\/page"}],"author":[{"embeddable":true,"href":"https:\/\/escuelamilitar.mil.sv\/index.php?rest_route=\/wp\/v2\/users\/2"}],"replies":[{"embeddable":true,"href":"https:\/\/escuelamilitar.mil.sv\/index.php?rest_route=%2Fwp%2Fv2%2Fcomments&post=198"}],"version-history":[{"count":3,"href":"https:\/\/escuelamilitar.mil.sv\/index.php?rest_route=\/wp\/v2\/pages\/198\/revisions"}],"predecessor-version":[{"id":2370,"href":"https:\/\/escuelamilitar.mil.sv\/index.php?rest_route=\/wp\/v2\/pages\/198\/revisions\/2370"}],"wp:featuredmedia":[{"embeddable":true,"href":"https:\/\/escuelamilitar.mil.sv\/index.php?rest_route=\/wp\/v2\/media\/1770"}],"wp:attachment":[{"href":"https:\/\/escuelamilitar.mil.sv\/index.php?rest_route=%2Fwp%2Fv2%2Fmedia&parent=198"}],"curies":[{"name":"wp","href":"https:\/\/api.w.org\/{rel}","templated":true}]}}