{"id":2018,"date":"2025-01-06T10:43:01","date_gmt":"2025-01-06T16:43:01","guid":{"rendered":"https:\/\/escuelamilitar.mil.sv\/?page_id=2018"},"modified":"2025-01-09T14:27:43","modified_gmt":"2025-01-09T20:27:43","slug":"internacionalizacion-iens-emcggb","status":"publish","type":"page","link":"https:\/\/escuelamilitar.mil.sv\/?page_id=2018","title":{"rendered":"INTERNACIONALIZACI\u00d3N IENS EMCGGB"},"content":{"rendered":"\n<p>Cadetes del IENS EMCGGB desarrollando estudios de la carrera de M\u00e9dico Cirujano Militar, en la Escuela Militar de Medicina de M\u00e9xico, como parte del programa de Internacionalizaci\u00f3n.<\/p>\n\n\n<div class=\"wp-block-image\">\n<figure class=\"aligncenter size-large\"><img loading=\"lazy\" decoding=\"async\" width=\"771\" height=\"1024\" src=\"https:\/\/escuelamilitar.mil.sv\/wp-content\/uploads\/2025\/01\/IMG-20250109-WA0010-771x1024.jpg\" alt=\"\" class=\"wp-image-2147\" srcset=\"https:\/\/escuelamilitar.mil.sv\/wp-content\/uploads\/2025\/01\/IMG-20250109-WA0010-771x1024.jpg 771w, https:\/\/escuelamilitar.mil.sv\/wp-content\/uploads\/2025\/01\/IMG-20250109-WA0010-226x300.jpg 226w, https:\/\/escuelamilitar.mil.sv\/wp-content\/uploads\/2025\/01\/IMG-20250109-WA0010-768x1021.jpg 768w, https:\/\/escuelamilitar.mil.sv\/wp-content\/uploads\/2025\/01\/IMG-20250109-WA0010-1156x1536.jpg 1156w, https:\/\/escuelamilitar.mil.sv\/wp-content\/uploads\/2025\/01\/IMG-20250109-WA0010.jpg 1204w\" sizes=\"(max-width: 771px) 100vw, 771px\" \/><\/figure><\/div>\n\n<div class=\"wp-block-image\">\n<figure class=\"aligncenter size-large\"><img loading=\"lazy\" decoding=\"async\" width=\"1024\" height=\"768\" src=\"https:\/\/escuelamilitar.mil.sv\/wp-content\/uploads\/2025\/01\/IMG-20250109-WA0009-1024x768.jpg\" alt=\"\" class=\"wp-image-2146\" srcset=\"https:\/\/escuelamilitar.mil.sv\/wp-content\/uploads\/2025\/01\/IMG-20250109-WA0009-1024x768.jpg 1024w, https:\/\/escuelamilitar.mil.sv\/wp-content\/uploads\/2025\/01\/IMG-20250109-WA0009-300x225.jpg 300w, https:\/\/escuelamilitar.mil.sv\/wp-content\/uploads\/2025\/01\/IMG-20250109-WA0009-768x576.jpg 768w, https:\/\/escuelamilitar.mil.sv\/wp-content\/uploads\/2025\/01\/IMG-20250109-WA0009-1536x1152.jpg 1536w, https:\/\/escuelamilitar.mil.sv\/wp-content\/uploads\/2025\/01\/IMG-20250109-WA0009.jpg 1600w\" sizes=\"(max-width: 1024px) 100vw, 1024px\" \/><\/figure><\/div>","protected":false},"excerpt":{"rendered":"<div class=\"parrafos-blancos-letranegra\"><p>Cadetes del IENS EMCGGB desarrollando estudios de la carrera de M\u00e9dico Cirujano Militar, en la Escuela Militar de Medicina de M\u00e9xico, como parte del programa de Internacionalizaci\u00f3n.<\/p>\n<\/div>","protected":false},"author":3,"featured_media":0,"parent":0,"menu_order":0,"comment_status":"closed","ping_status":"closed","template":"","meta":{"footnotes":""},"class_list":["post-2018","page","type-page","status-publish","hentry"],"yoast_head":"<!-- This site is optimized with the Yoast SEO plugin v23.6 - https:\/\/yoast.com\/wordpress\/plugins\/seo\/ -->\n<title>INTERNACIONALIZACI\u00d3N IENS EMCGGB - Escuela Militar Capit\u00e1n General Gerardo Barrios<\/title>\n<meta name=\"robots\" content=\"index, follow, max-snippet:-1, max-image-preview:large, max-video-preview:-1\" \/>\n<link rel=\"canonical\" href=\"https:\/\/escuelamilitar.mil.sv\/?page_id=2018\" \/>\n<meta property=\"og:locale\" content=\"es_ES\" \/>\n<meta property=\"og:type\" content=\"article\" \/>\n<meta property=\"og:title\" content=\"INTERNACIONALIZACI\u00d3N IENS EMCGGB - Escuela Militar Capit\u00e1n General Gerardo Barrios\" \/>\n<meta property=\"og:description\" content=\"Cadetes del IENS EMCGGB desarrollando estudios de la carrera de M\u00e9dico Cirujano Militar, en la Escuela Militar de Medicina de M\u00e9xico, como parte del programa de Internacionalizaci\u00f3n.\" \/>\n<meta property=\"og:url\" content=\"https:\/\/escuelamilitar.mil.sv\/?page_id=2018\" \/>\n<meta property=\"og:site_name\" content=\"Escuela Militar Capit\u00e1n General Gerardo Barrios\" \/>\n<meta property=\"article:modified_time\" content=\"2025-01-09T20:27:43+00:00\" \/>\n<meta property=\"og:image\" content=\"https:\/\/escuelamilitar.mil.sv\/wp-content\/uploads\/2025\/01\/IMG-20250109-WA0010-771x1024.jpg\" \/>\n<meta name=\"twitter:card\" content=\"summary_large_image\" \/>\n<meta name=\"twitter:label1\" content=\"Tiempo de lectura\" \/>\n\t<meta name=\"twitter:data1\" content=\"1 minuto\" \/>\n<script type=\"application\/ld+json\" class=\"yoast-schema-graph\">{\"@context\":\"https:\/\/schema.org\",\"@graph\":[{\"@type\":\"WebPage\",\"@id\":\"https:\/\/escuelamilitar.mil.sv\/?page_id=2018\",\"url\":\"https:\/\/escuelamilitar.mil.sv\/?page_id=2018\",\"name\":\"INTERNACIONALIZACI\u00d3N IENS EMCGGB - Escuela Militar Capit\u00e1n General Gerardo Barrios\",\"isPartOf\":{\"@id\":\"https:\/\/escuelamilitar.mil.sv\/#website\"},\"primaryImageOfPage\":{\"@id\":\"https:\/\/escuelamilitar.mil.sv\/?page_id=2018#primaryimage\"},\"image\":{\"@id\":\"https:\/\/escuelamilitar.mil.sv\/?page_id=2018#primaryimage\"},\"thumbnailUrl\":\"https:\/\/escuelamilitar.mil.sv\/wp-content\/uploads\/2025\/01\/IMG-20250109-WA0010-771x1024.jpg\",\"datePublished\":\"2025-01-06T16:43:01+00:00\",\"dateModified\":\"2025-01-09T20:27:43+00:00\",\"breadcrumb\":{\"@id\":\"https:\/\/escuelamilitar.mil.sv\/?page_id=2018#breadcrumb\"},\"inLanguage\":\"es\",\"potentialAction\":[{\"@type\":\"ReadAction\",\"target\":[\"https:\/\/escuelamilitar.mil.sv\/?page_id=2018\"]}]},{\"@type\":\"ImageObject\",\"inLanguage\":\"es\",\"@id\":\"https:\/\/escuelamilitar.mil.sv\/?page_id=2018#primaryimage\",\"url\":\"https:\/\/escuelamilitar.mil.sv\/wp-content\/uploads\/2025\/01\/IMG-20250109-WA0010.jpg\",\"contentUrl\":\"https:\/\/escuelamilitar.mil.sv\/wp-content\/uploads\/2025\/01\/IMG-20250109-WA0010.jpg\",\"width\":1204,\"height\":1600},{\"@type\":\"BreadcrumbList\",\"@id\":\"https:\/\/escuelamilitar.mil.sv\/?page_id=2018#breadcrumb\",\"itemListElement\":[{\"@type\":\"ListItem\",\"position\":1,\"name\":\"Inicio\",\"item\":\"https:\/\/escuelamilitar.mil.sv\/\"},{\"@type\":\"ListItem\",\"position\":2,\"name\":\"INTERNACIONALIZACI\u00d3N IENS EMCGGB\"}]},{\"@type\":\"WebSite\",\"@id\":\"https:\/\/escuelamilitar.mil.sv\/#website\",\"url\":\"https:\/\/escuelamilitar.mil.sv\/\",\"name\":\"Escuela Militar Capit\u00e1n General Gerardo Barrios\",\"description\":\"Escuela Militar\",\"potentialAction\":[{\"@type\":\"SearchAction\",\"target\":{\"@type\":\"EntryPoint\",\"urlTemplate\":\"https:\/\/escuelamilitar.mil.sv\/?s={search_term_string}\"},\"query-input\":{\"@type\":\"PropertyValueSpecification\",\"valueRequired\":true,\"valueName\":\"search_term_string\"}}],\"inLanguage\":\"es\"}]}<\/script>\n<!-- \/ Yoast SEO plugin. -->","yoast_head_json":{"title":"INTERNACIONALIZACI\u00d3N IENS EMCGGB - Escuela Militar Capit\u00e1n General Gerardo Barrios","robots":{"index":"index","follow":"follow","max-snippet":"max-snippet:-1","max-image-preview":"max-image-preview:large","max-video-preview":"max-video-preview:-1"},"canonical":"https:\/\/escuelamilitar.mil.sv\/?page_id=2018","og_locale":"es_ES","og_type":"article","og_title":"INTERNACIONALIZACI\u00d3N IENS EMCGGB - Escuela Militar Capit\u00e1n General Gerardo Barrios","og_description":"Cadetes del IENS EMCGGB desarrollando estudios de la carrera de M\u00e9dico Cirujano Militar, en la Escuela Militar de Medicina de M\u00e9xico, como parte del programa de Internacionalizaci\u00f3n.","og_url":"https:\/\/escuelamilitar.mil.sv\/?page_id=2018","og_site_name":"Escuela Militar Capit\u00e1n General Gerardo Barrios","article_modified_time":"2025-01-09T20:27:43+00:00","og_image":[{"url":"https:\/\/escuelamilitar.mil.sv\/wp-content\/uploads\/2025\/01\/IMG-20250109-WA0010-771x1024.jpg"}],"twitter_card":"summary_large_image","twitter_misc":{"Tiempo de lectura":"1 minuto"},"schema":{"@context":"https:\/\/schema.org","@graph":[{"@type":"WebPage","@id":"https:\/\/escuelamilitar.mil.sv\/?page_id=2018","url":"https:\/\/escuelamilitar.mil.sv\/?page_id=2018","name":"INTERNACIONALIZACI\u00d3N IENS EMCGGB - Escuela Militar Capit\u00e1n General Gerardo Barrios","isPartOf":{"@id":"https:\/\/escuelamilitar.mil.sv\/#website"},"primaryImageOfPage":{"@id":"https:\/\/escuelamilitar.mil.sv\/?page_id=2018#primaryimage"},"image":{"@id":"https:\/\/escuelamilitar.mil.sv\/?page_id=2018#primaryimage"},"thumbnailUrl":"https:\/\/escuelamilitar.mil.sv\/wp-content\/uploads\/2025\/01\/IMG-20250109-WA0010-771x1024.jpg","datePublished":"2025-01-06T16:43:01+00:00","dateModified":"2025-01-09T20:27:43+00:00","breadcrumb":{"@id":"https:\/\/escuelamilitar.mil.sv\/?page_id=2018#breadcrumb"},"inLanguage":"es","potentialAction":[{"@type":"ReadAction","target":["https:\/\/escuelamilitar.mil.sv\/?page_id=2018"]}]},{"@type":"ImageObject","inLanguage":"es","@id":"https:\/\/escuelamilitar.mil.sv\/?page_id=2018#primaryimage","url":"https:\/\/escuelamilitar.mil.sv\/wp-content\/uploads\/2025\/01\/IMG-20250109-WA0010.jpg","contentUrl":"https:\/\/escuelamilitar.mil.sv\/wp-content\/uploads\/2025\/01\/IMG-20250109-WA0010.jpg","width":1204,"height":1600},{"@type":"BreadcrumbList","@id":"https:\/\/escuelamilitar.mil.sv\/?page_id=2018#breadcrumb","itemListElement":[{"@type":"ListItem","position":1,"name":"Inicio","item":"https:\/\/escuelamilitar.mil.sv\/"},{"@type":"ListItem","position":2,"name":"INTERNACIONALIZACI\u00d3N IENS EMCGGB"}]},{"@type":"WebSite","@id":"https:\/\/escuelamilitar.mil.sv\/#website","url":"https:\/\/escuelamilitar.mil.sv\/","name":"Escuela Militar Capit\u00e1n General Gerardo Barrios","description":"Escuela Militar","potentialAction":[{"@type":"SearchAction","target":{"@type":"EntryPoint","urlTemplate":"https:\/\/escuelamilitar.mil.sv\/?s={search_term_string}"},"query-input":{"@type":"PropertyValueSpecification","valueRequired":true,"valueName":"search_term_string"}}],"inLanguage":"es"}]}},"_links":{"self":[{"href":"https:\/\/escuelamilitar.mil.sv\/index.php?rest_route=\/wp\/v2\/pages\/2018"}],"collection":[{"href":"https:\/\/escuelamilitar.mil.sv\/index.php?rest_route=\/wp\/v2\/pages"}],"about":[{"href":"https:\/\/escuelamilitar.mil.sv\/index.php?rest_route=\/wp\/v2\/types\/page"}],"author":[{"embeddable":true,"href":"https:\/\/escuelamilitar.mil.sv\/index.php?rest_route=\/wp\/v2\/users\/3"}],"replies":[{"embeddable":true,"href":"https:\/\/escuelamilitar.mil.sv\/index.php?rest_route=%2Fwp%2Fv2%2Fcomments&post=2018"}],"version-history":[{"count":2,"href":"https:\/\/escuelamilitar.mil.sv\/index.php?rest_route=\/wp\/v2\/pages\/2018\/revisions"}],"predecessor-version":[{"id":2148,"href":"https:\/\/escuelamilitar.mil.sv\/index.php?rest_route=\/wp\/v2\/pages\/2018\/revisions\/2148"}],"wp:attachment":[{"href":"https:\/\/escuelamilitar.mil.sv\/index.php?rest_route=%2Fwp%2Fv2%2Fmedia&parent=2018"}],"curies":[{"name":"wp","href":"https:\/\/api.w.org\/{rel}","templated":true}]}}