{"id":2253,"date":"2025-03-17T09:26:35","date_gmt":"2025-03-17T15:26:35","guid":{"rendered":"https:\/\/escuelamilitar.mil.sv\/?page_id=2253"},"modified":"2025-04-25T13:46:07","modified_gmt":"2025-04-25T19:46:07","slug":"nuestros-servicios","status":"publish","type":"page","link":"https:\/\/escuelamilitar.mil.sv\/?page_id=2253","title":{"rendered":"Nuestros Servicios"},"content":{"rendered":"\n<div class=\"wp-block-columns is-layout-flex wp-container-core-columns-is-layout-1 wp-block-columns-is-layout-flex\">\n<div class=\"wp-block-column is-layout-flow wp-block-column-is-layout-flow\">\n<p class=\"has-text-align-center\"><strong>DOCENCIA<\/strong><\/p>\n\n\n\n<figure class=\"wp-block-image size-full\"><img loading=\"lazy\" decoding=\"async\" width=\"540\" height=\"397\" src=\"https:\/\/escuelamilitar.mil.sv\/wp-content\/uploads\/2024\/12\/gsod1-1.jpg\" alt=\"\" class=\"wp-image-2026\" srcset=\"https:\/\/escuelamilitar.mil.sv\/wp-content\/uploads\/2024\/12\/gsod1-1.jpg 540w, https:\/\/escuelamilitar.mil.sv\/wp-content\/uploads\/2024\/12\/gsod1-1-300x221.jpg 300w\" sizes=\"(max-width: 540px) 100vw, 540px\" \/><\/figure>\n\n\n\n<hr class=\"wp-block-separator has-alpha-channel-opacity\"\/>\n\n\n\n<p><a href=\"https:\/\/escuelamilitar.mil.sv\/?page_id=1700\">Organigrama de la Jefatura de Docencia<\/a><\/p>\n\n\n\n<p><a href=\"https:\/\/escuelamilitar.mil.sv\/?page_id=1705\">Plana Docente<\/a><\/p>\n\n\n\n<p><a href=\"https:\/\/escuelamilitar.mil.sv\/?page_id=1706\">Biblioteca<\/a><\/p>\n\n\n\n<p><a href=\"https:\/\/escuelamilitar.mil.sv\/?page_id=1704\">Pensum de la Licenciatura y Maestr\u00eda en Administraci\u00f3n Militar<\/a><\/p>\n\n\n\n<p><a href=\"https:\/\/escuelamilitar.mil.sv\/?page_id=1701\">Informaci\u00f3n para casos excepcionales de reingreso<\/a><\/p>\n\n\n\n<p><a href=\"https:\/\/escuelamilitar.mil.sv\/?page_id=1702\">Perfil del Oficial Egresado de la Maestr\u00eda en Administraci\u00f3n Militar<\/a><\/p>\n\n\n\n<p><a href=\"https:\/\/escuelamilitar.mil.sv\/?page_id=1703\">Perfil del Oficial Egresado de la Licenciatura en Administraci\u00f3n Militar<\/a><\/p>\n\n\n\n<p><a href=\"https:\/\/escuelamilitar.mil.sv\/?page_id=1698\">Requisitos de Ingreso para la Maestr\u00eda en Administraci\u00f3n Militar<\/a><\/p>\n<\/div>\n\n\n\n<div class=\"wp-block-column is-layout-flow wp-block-column-is-layout-flow\">\n<p class=\"has-text-align-center\"><strong>BATALL\u00d3N DE CADETES<\/strong><\/p>\n\n\n<div class=\"wp-block-image\">\n<figure class=\"aligncenter size-full\"><img loading=\"lazy\" decoding=\"async\" width=\"1600\" height=\"1200\" src=\"https:\/\/escuelamilitar.mil.sv\/wp-content\/uploads\/2025\/03\/btn2.jpg\" alt=\"\" class=\"wp-image-2287\" srcset=\"https:\/\/escuelamilitar.mil.sv\/wp-content\/uploads\/2025\/03\/btn2.jpg 1600w, https:\/\/escuelamilitar.mil.sv\/wp-content\/uploads\/2025\/03\/btn2-300x225.jpg 300w, https:\/\/escuelamilitar.mil.sv\/wp-content\/uploads\/2025\/03\/btn2-1024x768.jpg 1024w, https:\/\/escuelamilitar.mil.sv\/wp-content\/uploads\/2025\/03\/btn2-768x576.jpg 768w, https:\/\/escuelamilitar.mil.sv\/wp-content\/uploads\/2025\/03\/btn2-1536x1152.jpg 1536w\" sizes=\"(max-width: 1600px) 100vw, 1600px\" \/><\/figure><\/div>\n\n\n<hr class=\"wp-block-separator has-alpha-channel-opacity\"\/>\n\n\n\n<p><a href=\"https:\/\/escuelamilitar.mil.sv\/?servicios=organigrama-del-batallon-de-cadetes\">Organigrama del Batall\u00f3n de Cadetes<\/a><\/p>\n\n\n\n<p><a href=\"https:\/\/escuelamilitar.mil.sv\/?page_id=1696\">Instrucci\u00f3n Militar<\/a><\/p>\n\n\n\n<p><a href=\"https:\/\/escuelamilitar.mil.sv\/?page_id=1695\">Un d\u00eda en la vida del cadete<\/a><\/p>\n\n\n\n<p><a href=\"https:\/\/escuelamilitar.mil.sv\/?page_id=1694\">Cursos de Combate<\/a><\/p>\n\n\n\n<p><\/p>\n<\/div>\n\n\n\n<div class=\"wp-block-column is-layout-flow wp-block-column-is-layout-flow\">\n<p class=\"has-text-align-center\"><strong>ACTIVIDADES EXTRACURRICULARES<\/strong><\/p>\n\n\n\n<figure class=\"wp-block-gallery has-nested-images columns-default is-cropped wp-block-gallery-1 is-layout-flex wp-block-gallery-is-layout-flex\"><div class=\"wp-block-image\">\n<figure class=\"aligncenter size-full\"><img loading=\"lazy\" decoding=\"async\" width=\"770\" height=\"589\" src=\"https:\/\/escuelamilitar.mil.sv\/wp-content\/uploads\/2025\/03\/horas-2.jpg\" alt=\"\" class=\"wp-image-2281\" srcset=\"https:\/\/escuelamilitar.mil.sv\/wp-content\/uploads\/2025\/03\/horas-2.jpg 770w, https:\/\/escuelamilitar.mil.sv\/wp-content\/uploads\/2025\/03\/horas-2-300x229.jpg 300w, https:\/\/escuelamilitar.mil.sv\/wp-content\/uploads\/2025\/03\/horas-2-768x587.jpg 768w\" sizes=\"(max-width: 770px) 100vw, 770px\" \/><\/figure><\/div><\/figure>\n\n\n\n<hr class=\"wp-block-separator has-alpha-channel-opacity\"\/>\n\n\n\n<p>Horas Sociales<\/p>\n<\/div>\n<\/div>\n\n\n\n<p><\/p>\n","protected":false},"excerpt":{"rendered":"<div class=\"parrafos-blancos-letranegra\"><p>DOCENCIA Organigrama de la Jefatura de Docencia Plana Docente Biblioteca Pensum de la Licenciatura y Maestr\u00eda en Administraci\u00f3n Militar Informaci\u00f3n para casos excepcionales de reingreso Perfil del Oficial Egresado de [&hellip;]<\/p>\n<\/div>","protected":false},"author":2,"featured_media":0,"parent":0,"menu_order":0,"comment_status":"closed","ping_status":"closed","template":"","meta":{"footnotes":""},"class_list":["post-2253","page","type-page","status-publish","hentry"],"yoast_head":"<!-- This site is optimized with the Yoast SEO plugin v23.6 - https:\/\/yoast.com\/wordpress\/plugins\/seo\/ -->\n<title>Nuestros Servicios - Escuela Militar Capit\u00e1n General Gerardo Barrios<\/title>\n<meta name=\"robots\" content=\"index, follow, max-snippet:-1, max-image-preview:large, max-video-preview:-1\" \/>\n<link rel=\"canonical\" href=\"https:\/\/escuelamilitar.mil.sv\/?page_id=2253\" \/>\n<meta property=\"og:locale\" content=\"es_ES\" \/>\n<meta property=\"og:type\" content=\"article\" \/>\n<meta property=\"og:title\" content=\"Nuestros Servicios - Escuela Militar Capit\u00e1n General Gerardo Barrios\" \/>\n<meta property=\"og:description\" content=\"DOCENCIA Organigrama de la Jefatura de Docencia Plana Docente Biblioteca Pensum de la Licenciatura y Maestr\u00eda en Administraci\u00f3n Militar Informaci\u00f3n para casos excepcionales de reingreso Perfil del Oficial Egresado de [&hellip;]\" \/>\n<meta property=\"og:url\" content=\"https:\/\/escuelamilitar.mil.sv\/?page_id=2253\" \/>\n<meta property=\"og:site_name\" content=\"Escuela Militar Capit\u00e1n General Gerardo Barrios\" \/>\n<meta property=\"article:modified_time\" content=\"2025-04-25T19:46:07+00:00\" \/>\n<meta property=\"og:image\" content=\"https:\/\/escuelamilitar.mil.sv\/wp-content\/uploads\/2024\/12\/gsod1-1.jpg\" \/>\n<meta name=\"twitter:card\" content=\"summary_large_image\" \/>\n<meta name=\"twitter:label1\" content=\"Tiempo de lectura\" \/>\n\t<meta name=\"twitter:data1\" content=\"1 minuto\" \/>\n<script type=\"application\/ld+json\" class=\"yoast-schema-graph\">{\"@context\":\"https:\/\/schema.org\",\"@graph\":[{\"@type\":\"WebPage\",\"@id\":\"https:\/\/escuelamilitar.mil.sv\/?page_id=2253\",\"url\":\"https:\/\/escuelamilitar.mil.sv\/?page_id=2253\",\"name\":\"Nuestros Servicios - Escuela Militar Capit\u00e1n General Gerardo Barrios\",\"isPartOf\":{\"@id\":\"https:\/\/escuelamilitar.mil.sv\/#website\"},\"primaryImageOfPage\":{\"@id\":\"https:\/\/escuelamilitar.mil.sv\/?page_id=2253#primaryimage\"},\"image\":{\"@id\":\"https:\/\/escuelamilitar.mil.sv\/?page_id=2253#primaryimage\"},\"thumbnailUrl\":\"https:\/\/escuelamilitar.mil.sv\/wp-content\/uploads\/2024\/12\/gsod1-1.jpg\",\"datePublished\":\"2025-03-17T15:26:35+00:00\",\"dateModified\":\"2025-04-25T19:46:07+00:00\",\"breadcrumb\":{\"@id\":\"https:\/\/escuelamilitar.mil.sv\/?page_id=2253#breadcrumb\"},\"inLanguage\":\"es\",\"potentialAction\":[{\"@type\":\"ReadAction\",\"target\":[\"https:\/\/escuelamilitar.mil.sv\/?page_id=2253\"]}]},{\"@type\":\"ImageObject\",\"inLanguage\":\"es\",\"@id\":\"https:\/\/escuelamilitar.mil.sv\/?page_id=2253#primaryimage\",\"url\":\"https:\/\/escuelamilitar.mil.sv\/wp-content\/uploads\/2024\/12\/gsod1-1.jpg\",\"contentUrl\":\"https:\/\/escuelamilitar.mil.sv\/wp-content\/uploads\/2024\/12\/gsod1-1.jpg\",\"width\":540,\"height\":397},{\"@type\":\"BreadcrumbList\",\"@id\":\"https:\/\/escuelamilitar.mil.sv\/?page_id=2253#breadcrumb\",\"itemListElement\":[{\"@type\":\"ListItem\",\"position\":1,\"name\":\"Inicio\",\"item\":\"https:\/\/escuelamilitar.mil.sv\/\"},{\"@type\":\"ListItem\",\"position\":2,\"name\":\"Nuestros Servicios\"}]},{\"@type\":\"WebSite\",\"@id\":\"https:\/\/escuelamilitar.mil.sv\/#website\",\"url\":\"https:\/\/escuelamilitar.mil.sv\/\",\"name\":\"Escuela Militar Capit\u00e1n General Gerardo Barrios\",\"description\":\"Escuela Militar\",\"potentialAction\":[{\"@type\":\"SearchAction\",\"target\":{\"@type\":\"EntryPoint\",\"urlTemplate\":\"https:\/\/escuelamilitar.mil.sv\/?s={search_term_string}\"},\"query-input\":{\"@type\":\"PropertyValueSpecification\",\"valueRequired\":true,\"valueName\":\"search_term_string\"}}],\"inLanguage\":\"es\"}]}<\/script>\n<!-- \/ Yoast SEO plugin. -->","yoast_head_json":{"title":"Nuestros Servicios - Escuela Militar Capit\u00e1n General Gerardo Barrios","robots":{"index":"index","follow":"follow","max-snippet":"max-snippet:-1","max-image-preview":"max-image-preview:large","max-video-preview":"max-video-preview:-1"},"canonical":"https:\/\/escuelamilitar.mil.sv\/?page_id=2253","og_locale":"es_ES","og_type":"article","og_title":"Nuestros Servicios - Escuela Militar Capit\u00e1n General Gerardo Barrios","og_description":"DOCENCIA Organigrama de la Jefatura de Docencia Plana Docente Biblioteca Pensum de la Licenciatura y Maestr\u00eda en Administraci\u00f3n Militar Informaci\u00f3n para casos excepcionales de reingreso Perfil del Oficial Egresado de [&hellip;]","og_url":"https:\/\/escuelamilitar.mil.sv\/?page_id=2253","og_site_name":"Escuela Militar Capit\u00e1n General Gerardo Barrios","article_modified_time":"2025-04-25T19:46:07+00:00","og_image":[{"url":"https:\/\/escuelamilitar.mil.sv\/wp-content\/uploads\/2024\/12\/gsod1-1.jpg"}],"twitter_card":"summary_large_image","twitter_misc":{"Tiempo de lectura":"1 minuto"},"schema":{"@context":"https:\/\/schema.org","@graph":[{"@type":"WebPage","@id":"https:\/\/escuelamilitar.mil.sv\/?page_id=2253","url":"https:\/\/escuelamilitar.mil.sv\/?page_id=2253","name":"Nuestros Servicios - Escuela Militar Capit\u00e1n General Gerardo Barrios","isPartOf":{"@id":"https:\/\/escuelamilitar.mil.sv\/#website"},"primaryImageOfPage":{"@id":"https:\/\/escuelamilitar.mil.sv\/?page_id=2253#primaryimage"},"image":{"@id":"https:\/\/escuelamilitar.mil.sv\/?page_id=2253#primaryimage"},"thumbnailUrl":"https:\/\/escuelamilitar.mil.sv\/wp-content\/uploads\/2024\/12\/gsod1-1.jpg","datePublished":"2025-03-17T15:26:35+00:00","dateModified":"2025-04-25T19:46:07+00:00","breadcrumb":{"@id":"https:\/\/escuelamilitar.mil.sv\/?page_id=2253#breadcrumb"},"inLanguage":"es","potentialAction":[{"@type":"ReadAction","target":["https:\/\/escuelamilitar.mil.sv\/?page_id=2253"]}]},{"@type":"ImageObject","inLanguage":"es","@id":"https:\/\/escuelamilitar.mil.sv\/?page_id=2253#primaryimage","url":"https:\/\/escuelamilitar.mil.sv\/wp-content\/uploads\/2024\/12\/gsod1-1.jpg","contentUrl":"https:\/\/escuelamilitar.mil.sv\/wp-content\/uploads\/2024\/12\/gsod1-1.jpg","width":540,"height":397},{"@type":"BreadcrumbList","@id":"https:\/\/escuelamilitar.mil.sv\/?page_id=2253#breadcrumb","itemListElement":[{"@type":"ListItem","position":1,"name":"Inicio","item":"https:\/\/escuelamilitar.mil.sv\/"},{"@type":"ListItem","position":2,"name":"Nuestros Servicios"}]},{"@type":"WebSite","@id":"https:\/\/escuelamilitar.mil.sv\/#website","url":"https:\/\/escuelamilitar.mil.sv\/","name":"Escuela Militar Capit\u00e1n General Gerardo Barrios","description":"Escuela Militar","potentialAction":[{"@type":"SearchAction","target":{"@type":"EntryPoint","urlTemplate":"https:\/\/escuelamilitar.mil.sv\/?s={search_term_string}"},"query-input":{"@type":"PropertyValueSpecification","valueRequired":true,"valueName":"search_term_string"}}],"inLanguage":"es"}]}},"_links":{"self":[{"href":"https:\/\/escuelamilitar.mil.sv\/index.php?rest_route=\/wp\/v2\/pages\/2253"}],"collection":[{"href":"https:\/\/escuelamilitar.mil.sv\/index.php?rest_route=\/wp\/v2\/pages"}],"about":[{"href":"https:\/\/escuelamilitar.mil.sv\/index.php?rest_route=\/wp\/v2\/types\/page"}],"author":[{"embeddable":true,"href":"https:\/\/escuelamilitar.mil.sv\/index.php?rest_route=\/wp\/v2\/users\/2"}],"replies":[{"embeddable":true,"href":"https:\/\/escuelamilitar.mil.sv\/index.php?rest_route=%2Fwp%2Fv2%2Fcomments&post=2253"}],"version-history":[{"count":19,"href":"https:\/\/escuelamilitar.mil.sv\/index.php?rest_route=\/wp\/v2\/pages\/2253\/revisions"}],"predecessor-version":[{"id":2329,"href":"https:\/\/escuelamilitar.mil.sv\/index.php?rest_route=\/wp\/v2\/pages\/2253\/revisions\/2329"}],"wp:attachment":[{"href":"https:\/\/escuelamilitar.mil.sv\/index.php?rest_route=%2Fwp%2Fv2%2Fmedia&parent=2253"}],"curies":[{"name":"wp","href":"https:\/\/api.w.org\/{rel}","templated":true}]}}